{"id":3604,"date":"2014-04-14T00:38:10","date_gmt":"2014-04-13T23:38:10","guid":{"rendered":"http:\/\/susannealbers.de\/blog\/?page_id=3604"},"modified":"2020-08-04T09:05:59","modified_gmt":"2020-08-04T07:05:59","slug":"susanne-albers-webdesign-bucher","status":"publish","type":"page","link":"https:\/\/susannealbers.de\/blog\/susanne-albers-webdesign-bucher\/","title":{"rendered":"selbst geschriebene B\u00fccher"},"content":{"rendered":"<p><strong>Ich habe mehrere B\u00fccher ver\u00f6ffentlicht, einmal als Fotografin, einmal als Grafikerin und Autorin:<\/strong><\/p>\n<p><a href=\"https:\/\/susannealbers.de\/blog\/wp-content\/uploads\/2016\/11\/autobio.jpg\"><img loading=\"lazy\" decoding=\"async\" class=\"alignleft size-full wp-image-3931\" src=\"https:\/\/susannealbers.de\/blog\/wp-content\/uploads\/2016\/11\/autobio.jpg\" alt=\"autobio\" width=\"200\" height=\"284\" \/><\/a><br \/>\n40 Jahre Epilepsie &#8211; meine Autobiografie.<br \/>\n<strong>Ich durfte alles und habe oft teuer bezahlt<\/strong><br \/>\nvon Susanne Albers<br \/>\nFormat: Softcover<br \/>\nBindung: DIN A5 hoch<br \/>\nSeitenzahl: 144 Seiten<br \/>\nSprache: Deutsch<br \/>\nISBN: 978-3-7418-6615-9<br \/>\nVerkaufspreis: 12,00 \u20ac<br \/>\n<a title=\"Link zum Shop\" href=\"https:\/\/www.epubli.de\/shop\/buch\/Ich-durfte-alles-und-habe-oft-teuer-bezahlt-Susanne-Albers-9783741866159\/57705\" target=\"_blank\" rel=\"noopener noreferrer\">https:\/\/www.epubli.de\/shop\/buch\/Ich-durfte-alles-und-habe-oft-teuer-bezahlt-Susanne-Albers-9783741866159\/57705<\/a><\/p>\n<p><strong>Als ebook mit epub Datei:<\/strong><br \/>\nISBN: 9783741866180<br \/>\nVerkaufspreis: 4,99\u20ac<br \/>\n<a title=\"als ebook:\" href=\"https:\/\/www.epubli.de\/shop\/buch\/Ich-durfte-alles-und-habe-oft-teuer-bezahlt-Susanne-Albers-9783741866180\/57708\" target=\"_blank\" rel=\"noopener noreferrer\">https:\/\/www.epubli.de\/shop\/buch\/Ich-durfte-alles-und-habe-oft-teuer-bezahlt-Susanne-Albers-9783741866180\/57708<\/a><\/p>\n<p><strong>oder als kostenloses direktes H\u00f6rbuch auf meiner www.susili.de Homepage:<\/strong><br \/>\n<a href=\"https:\/\/www.susili.de\/autobio00.html\" target=\"_blank\" rel=\"noopener noreferrer\">https:\/\/www.susili.de\/autobio00.html<\/a><\/p>\n<p><img loading=\"lazy\" decoding=\"async\" class=\"size-full wp-image-4591 aligncenter\" src=\"https:\/\/susannealbers.de\/blog\/wp-content\/uploads\/2020\/08\/85F17B44-C87E-44A5-AF01-1992C5960855_4_5005_c.jpeg\" alt=\"\" width=\"352\" height=\"498\" srcset=\"https:\/\/susannealbers.de\/blog\/wp-content\/uploads\/2020\/08\/85F17B44-C87E-44A5-AF01-1992C5960855_4_5005_c.jpeg 352w, https:\/\/susannealbers.de\/blog\/wp-content\/uploads\/2020\/08\/85F17B44-C87E-44A5-AF01-1992C5960855_4_5005_c-212x300.jpeg 212w\" sizes=\"auto, (max-width: 352px) 100vw, 352px\" \/><\/p>\n<p style=\"text-align: center;\">dann als DIN A4 Buch zu kaufen: &#8220;<strong>Mathematik &#8211; Polsterm\u00f6bel &#8211; Architektur<\/strong>&#8221; &#8211; bei epubli oder Amazon, 25,00 Euro, ISBN 978-3844290394 &#8211; <a title=\"http:\/\/www.amazon.de\/Mathematik-Polsterm%C3%B6bel-Architektur-Susanne-Albers\/dp\/3844290397\/ref=sr_1_1?ie=UTF8&amp;qid=1396960080&amp;sr=8-1&amp;keywords=Mathematik+polsterm%F6bel+architektur\" href=\"http:\/\/www.amazon.de\/Mathematik-Polsterm%C3%B6bel-Architektur-Susanne-Albers\/dp\/3844290397\/ref=sr_1_1?ie=UTF8&amp;qid=1396960080&amp;sr=8-1&amp;keywords=Mathematik+polsterm%F6bel+architektur\" target=\"_blank\" rel=\"noopener noreferrer\">Link zu Amazon<\/a> &#8211; und <a title=\"http:\/\/www.epubli.de\/shop\/buch\/Mathematik-Polsterm%C3%B6bel-Architektur-Susanne-Albers-9783844290394\/36328\" href=\"http:\/\/www.epubli.de\/shop\/buch\/Mathematik-Polsterm%C3%B6bel-Architektur-Susanne-Albers-9783844290394\/36328\" target=\"_blank\" rel=\"noopener noreferrer\">Link zu epubli<\/a><\/p>\n<p><img loading=\"lazy\" decoding=\"async\" class=\"size-full wp-image-4592 aligncenter\" src=\"https:\/\/susannealbers.de\/blog\/wp-content\/uploads\/2020\/08\/A5A5CA35-0B55-4E12-A7BA-3A284D90777B_4_5005_c.jpeg\" alt=\"\" width=\"498\" height=\"351\" srcset=\"https:\/\/susannealbers.de\/blog\/wp-content\/uploads\/2020\/08\/A5A5CA35-0B55-4E12-A7BA-3A284D90777B_4_5005_c.jpeg 498w, https:\/\/susannealbers.de\/blog\/wp-content\/uploads\/2020\/08\/A5A5CA35-0B55-4E12-A7BA-3A284D90777B_4_5005_c-300x211.jpeg 300w\" sizes=\"auto, (max-width: 498px) 100vw, 498px\" \/><\/p>\n<p style=\"text-align: center;\">\n<p style=\"text-align: center;\">und als DIN A5 Buch zu kaufen: &#8220;<strong>Die Katzen Nelli und Laura<\/strong>&#8221; &#8211; bei epubli oder Amazon, 20,00 Euro, ISBN 978-3844290370 &#8211; <a title=\"http:\/\/www.amazon.de\/Katzen-Nelli-Laura-Susanne-Albers\/dp\/3844290370\/ref=sr_1_2?ie=UTF8&amp;qid=1396969223&amp;sr=8-2&amp;keywords=die+katzen+nelli+und+laura\" href=\"http:\/\/www.amazon.de\/Katzen-Nelli-Laura-Susanne-Albers\/dp\/3844290370\/ref=sr_1_2?ie=UTF8&amp;qid=1396969223&amp;sr=8-2&amp;keywords=die+katzen+nelli+und+laura\" target=\"_blank\" rel=\"noopener noreferrer\">Link zu Amazon<\/a> &#8211; und <a title=\"http:\/\/www.epubli.de\/shop\/buch\/Die-Katzen-Nelli-und-Laura-Susanne-Albers-9783844290370\/36259\" href=\"http:\/\/www.epubli.de\/shop\/buch\/Die-Katzen-Nelli-und-Laura-Susanne-Albers-9783844290370\/36259\" target=\"_blank\" rel=\"noopener noreferrer\">Link zu epubli<\/a>.<\/p>\n<p style=\"text-align: center;\">hoffentlich gef\u00e4llt es euch &#8211; liebe gr\u00fc\u00dfe, susanne<\/p>\n","protected":false},"excerpt":{"rendered":"<p>Ich habe mehrere B\u00fccher ver\u00f6ffentlicht, einmal als Fotografin, einmal als Grafikerin und Autorin: 40 Jahre Epilepsie &#8211; meine Autobiografie. Ich durfte alles und habe oft teuer bezahlt von Susanne Albers Format: Softcover Bindung: DIN A5 hoch Seitenzahl: 144 Seiten Sprache: Deutsch ISBN: 978-3-7418-6615-9 Verkaufspreis: 12,00 \u20ac https:\/\/www.epubli.de\/shop\/buch\/Ich-durfte-alles-und-habe-oft-teuer-bezahlt-Susanne-Albers-9783741866159\/57705 Als ebook mit epub Datei: ISBN: 9783741866180 Verkaufspreis: &hellip; <\/p>\n<p class=\"link-more\"><a href=\"https:\/\/susannealbers.de\/blog\/susanne-albers-webdesign-bucher\/\" class=\"more-link\">Continue reading<span class=\"screen-reader-text\"> &#8220;selbst geschriebene B\u00fccher&#8221;<\/span><\/a><\/p>\n","protected":false},"author":1,"featured_media":0,"parent":0,"menu_order":1,"comment_status":"open","ping_status":"open","template":"","meta":{"footnotes":""},"class_list":["post-3604","page","type-page","status-publish","hentry"],"_links":{"self":[{"href":"https:\/\/susannealbers.de\/blog\/wp-json\/wp\/v2\/pages\/3604","targetHints":{"allow":["GET"]}}],"collection":[{"href":"https:\/\/susannealbers.de\/blog\/wp-json\/wp\/v2\/pages"}],"about":[{"href":"https:\/\/susannealbers.de\/blog\/wp-json\/wp\/v2\/types\/page"}],"author":[{"embeddable":true,"href":"https:\/\/susannealbers.de\/blog\/wp-json\/wp\/v2\/users\/1"}],"replies":[{"embeddable":true,"href":"https:\/\/susannealbers.de\/blog\/wp-json\/wp\/v2\/comments?post=3604"}],"version-history":[{"count":22,"href":"https:\/\/susannealbers.de\/blog\/wp-json\/wp\/v2\/pages\/3604\/revisions"}],"predecessor-version":[{"id":4596,"href":"https:\/\/susannealbers.de\/blog\/wp-json\/wp\/v2\/pages\/3604\/revisions\/4596"}],"wp:attachment":[{"href":"https:\/\/susannealbers.de\/blog\/wp-json\/wp\/v2\/media?parent=3604"}],"curies":[{"name":"wp","href":"https:\/\/api.w.org\/{rel}","templated":true}]}}