{"id":2,"date":"2010-02-07T14:06:58","date_gmt":"2010-02-07T13:06:58","guid":{"rendered":"http:\/\/susannealbers.de\/blog\/index.php?page_id=2"},"modified":"2024-10-06T06:07:55","modified_gmt":"2024-10-06T04:07:55","slug":"about","status":"publish","type":"page","link":"https:\/\/susannealbers.de\/blog\/about\/","title":{"rendered":"zu mir"},"content":{"rendered":"<p><a href=\"https:\/\/susannealbers.de\/blog\/wp-content\/uploads\/2010\/02\/100_4406b.jpg\"><img loading=\"lazy\" decoding=\"async\" class=\"alignleft size-full wp-image-3\" title=\"100_4406b\" src=\"https:\/\/susannealbers.de\/blog\/wp-content\/uploads\/2010\/02\/100_4406b.jpg\" alt=\"100_4406b\" width=\"100\" height=\"130\" \/><\/a><\/p>\n<p>Alles zu mir, meinem Leben und meinen Interessen findest Du auf: <a href=\"https:\/\/www.susili.de\" target=\"_blank\" rel=\"noopener noreferrer\">www.susili.de<\/a><\/p>\n<p>Geboren am 13.02.1965 im Krankenwagen irgendwo zwischen Adendorf und L\u00fcneburg. Kindheit und Jugend in Bardowick verbracht. Seit Oktober 1988 wohnhaft in Berlin. Aber was sind schon diese Angaben\u2026 ich liebe die Stadt Berlin, in der ich lebe.<\/p>\n<h4 align=\"center\"><a href=\"https:\/\/www.susili.de\/index.html\">Susili<\/a> &#8211; <a href=\"https:\/\/www.susili.de\/werichbin.html\">Wer ich bin<\/a> &#8211; <a href=\"https:\/\/www.susili.de\/wasichglaube.html\">Was ich glaube<\/a> &#8211; <a href=\"https:\/\/www.susili.de\/liebesmystik.html\">Liebesmystik<\/a> &#8211; <a href=\"https:\/\/www.susili.de\/person.html\">Lebensgeschichte<\/a> &#8211; <a href=\"https:\/\/www.susili.de\/portrait.html\">Bilder<\/a> &#8211; <a href=\"https:\/\/www.susili.de\/lucy.html\">Lucy<\/a> &#8211; <a href=\"https:\/\/www.susili.de\/nellilaura.html\">Nelli + Laura<\/a> &#8211; <a href=\"https:\/\/www.susili.de\/14kontakt-op.html\">Gehirnblutung<\/a> &#8211; <a href=\"https:\/\/www.susili.de\/psychose.html\">Geistesblitze<\/a> &#8211; <a href=\"https:\/\/www.susili.de\/epilepsie.html\">Epilepsie<\/a> &#8211; <a href=\"https:\/\/www.susili.de\/text.html\">Texte<\/a> &#8211; <a href=\"https:\/\/www.susili.de\/kunst01.html\">Kunst<\/a> &#8211; <a href=\"https:\/\/www.susannealbers.de\/blog\/\" target=\"_blank\" rel=\"noopener\">Blog<\/a> &#8211; <a href=\"https:\/\/www.youtube.com\/@susili030\" target=\"_blank\" rel=\"noopener\">Youtube-Kanal<\/a> &#8211; <a href=\"https:\/\/susannefragt.susili.de\/\" target=\"_blank\" rel=\"noopener\">Susanne fragt &#8230;<\/a> &#8211; <a href=\"https:\/\/www.susannealbers.de\/\" target=\"_blank\" rel=\"noopener\">https:\/\/www.susannealbers.de<\/a> &#8211; <a href=\"https:\/\/offenunddirekt.de\/\" target=\"_blank\" rel=\"noopener\">https:\/\/offenunddirekt.de &#8211; Mein Gratis-Coaching f\u00fcr Dich<\/a><\/h4>\n<h4 align=\"center\"><a href=\"https:\/\/www.susili.de\/13persoenlich-eltern.html\">Eltern<\/a> &#8211; <a href=\"https:\/\/www.susili.de\/13persoenlich-01lebenslauf.html\">Lebenslauf<\/a> &#8211; <a href=\"https:\/\/www.susili.de\/13persoenlich-bardowick3.html\">Kindheit + Jugend<\/a> &#8211; <a href=\"https:\/\/www.susili.de\/13persoenlich-interessen1.html\">Interessen 1<\/a> &#8211; <a href=\"https:\/\/www.susili.de\/13persoenlich-interessen2.html\">Interessen 2<\/a> &#8211; <a href=\"https:\/\/www.susili.de\/13persoenlich-besonderes.html\">Besonderes<\/a> &#8211; <a href=\"https:\/\/www.susili.de\/13persoenlich-bewegendes.html\">Bewegendes<\/a> &#8211; <a href=\"https:\/\/www.susili.de\/13persoenlich-02nein.html\">Was ich nicht mag<\/a> &#8211; <a href=\"https:\/\/www.susili.de\/gaestebuch.html\">G\u00e4stebuch<\/a> &#8211; <a href=\"https:\/\/www.susili.de\/impressum.html\">Impressum<\/a> &#8211; <a href=\"https:\/\/www.susili.de\/datenschutz.html\">Datenschutzerkl\u00e4rung<\/a> &#8211; <a href=\"https:\/\/www.susannealbers.de\/galerie\/tft-x\/index.php\" target=\"_blank\" rel=\"noopener\">Geschenke f\u00fcr Euch<\/a><\/h4>\n<h4 align=\"center\"><\/h4>\n<p>Religion und Spiritualit\u00e4t<\/p>\n<p>Etwa mit 11 Jahren ging ich in die Jungschar des EC &#8211; Jugendbundes und war nach meiner Konfirmation jahrelang Kindergottesdienst &#8211; mitarbeiterin in Bardowick. So begann ich meine Mitarbeit in der evangelischen Kirche und entdeckte meinen eigenen Weg zu Gott in dieser Gemeinschaft. Auch wenn ich getaufte Christin bin, hege ich ein gro\u00dfes Interesse am Tibetanischen Buddhismus. Diesen religi\u00f6sen, meist sehr schmalen Pfad versuche ich mit vielen H\u00f6hen und Tiefen von der Pubert\u00e4t bis heute in mein Leben zu integrieren. Aufgrund besonderer Erlebnisse w\u00fcrde ich mich als Mystikerin bezeichnen.<\/p>\n<p>Gott wurde Mensch, damit wir verg\u00f6ttlicht werden. (Bischof Athanasius 4.Jhdt.)<br \/>\nDas Reich Gottes ist &#8220;inwendig in euch&#8221; = entos hum\u00f4n.<\/p>\n<p>Die italienische Renaissance<\/p>\n<p>Es vergeht kein Tag, an dem ich nicht eines dieser vielf\u00e4ltigen Kunstwerke betrache. Mittlerweile sammle ich Photos der Bilder von s\u00e4mlichen K\u00fcnstlern aus der Zeit von 1400 &#8211; 1600. Vor einigen Jahren habe ich mich hinrei\u00dfen lassen, die Decke der sixtinischen Kapelle als Poster in einer Gr\u00f6\u00dfe von 1.3m x 4,5m in mein Zimmer zu h\u00e4ngen *grins* (aus 68 Kopien zusammen geklebt) &#8211; nat\u00fcrlich an die Decke. Weiterhin sammle ich s\u00e4mtliche Literatur, Biographien und Ver\u00f6ffentlichungen aus dieser Zeit.<\/p>\n<p>Die Musik<\/p>\n<p>Im Vordergrund steht hier Soul und R\/B. Allerdings will ich die klassische Musik von Bach bis hin zu Opern in denen hoffentlich Maria Callas singt nicht unerw\u00e4hnt lassen. Daneben darf deutsche Musik nicht fehlen. Sehr gern h\u00f6re ich Taiz\u00e9 Ges\u00e4nge und christliche Liedermacher.<\/p>\n<p>Die Missfits<\/p>\n<p>Ja, ich finde die Missfits supertoll. Ob sie nun singen oder \u00fcber die M\u00e4nner l\u00e4stern &#8211; v\u00f6llig egal &#8211; absolut geil. Und auf diesem Wege sende ich ein gro\u00dfes Kompliment an Gerburg Jahnke und Stephanie \u00dcberall als die Top 1 des deutschen Kabaretts. Und \u00fcberhaupt: einerseits habe ich Verst\u00e4ndnis f\u00fcr Euer Aufh\u00f6ren&#8230;. aaaaber&#8230;. so geht dat ja nu nich&#8230;. riesenseufzer&#8230;&#8230;&#8230;.(Bild von Harald Hoffmann)<\/p>\n<p>Die Philosophie<\/p>\n<p>Von Diogenes Laertius bis hin zu Jostein Gaardner analysierten viele Autoren das Leben und die Ansichten der Philosophen. Ich verfolge mit unterschiedlichen Schwerpunkten die Philosophie in all ihren facettenreichen Schattierungen und versuche *grins* \u00e1 la Sartre mein eigenes Sein und Nichts unter die Lupe zu nehmen.<\/p>\n<p>Die Erdnu\u00dfbutter<\/p>\n<p>Wer mich da auch nur ann\u00e4hernd verstehen kann, wie geil es ist mit einem Finger die Erdnu\u00dfbutter direkt aus dem Glas zu schlecken, der sei gegr\u00fc\u00dft. Und falls du auch noch aus Berlin kommst, dann bekommst du Pindakaas bei DE MOLEN in Friedrichshain, siehe Link. Im KADEWE gibts die von Calve jetzt auch nicht mehr.<\/p>\n<p>Die Zeit<\/p>\n<p>Ich lese sie seit 1984 und bin auch heute noch gespannt, was am n\u00e4chsten Donnerstag drin steht.<\/p>\n<p>Psychologie und Medizin<\/p>\n<p>Die B\u00fccher des Schweizer Psychologen Arno Gruen haben mich bei allem Studium der verf\u00fcgbaren Literatur neben C.G. Jung, Alice Miller und Siegmund Freud am meisten beeindruckt. Als Betroffene interessiere ich mich f\u00fcr Epilepsie, Psychosen und Aneurysmen und habe mehr als genug Gr\u00fcnde, Gott dankbar zu sein.<\/p>\n<p>Das Bild ist von Raffaello Sanzio, *1483 Urbino, +1520 Roma) Ausschnitt des Jungen am Bildrand der Verkl\u00e4rung Christi, der einen epileptischen Anfall hat. 1518-20 \u00d6l auf Holz, 405 x 278 cm Pinakothek im Vatikan.<\/p>\n<p>Die B\u00fccher<\/p>\n<p>Ja, die B\u00fccher sind mein ein und alles. Naja, klingt auch bl\u00f6d, aber irgendwie ist was dran. Ohne k\u00f6nnte ich jedenfalls nicht leben. Ich hab eine Unmenge Literatur zu den unterschiedlichsten Sachgebieten. *lacht* Und ich verstehe \u00fcberhaupt nicht, da\u00df es immer mehr werden. Warum wei\u00df ich auch nicht, aber die g\u00f6ttliche Kom\u00f6die von Dante hat es mir schon angetan. Das Bild ist eine Illustration von Sandro Botticelli. Vergil f\u00fchrt Dante von der H\u00f6lle \u00fcber das Purgatorium bis ins Paradies und zeigt ihm alles. Nachdem ich das Buch gelesen hatte war mir eines klar. Ins Paradies will ich nie kommen, denn nach Dantes Schilderung geschah das spannendste in der H\u00f6lle. *l\u00e4chelt* logisch, denn im Paradies ist es eigentlich leer.<\/p>\n<p>Und hier ein Witz dazu: Franz von Assisi kommt in den Himmel. Nach zwei Wochen wird es ihm langweilig und er bittet Petrus, doch einmal in der H\u00f6lle vorbeischauen zu d\u00fcrfen.<br \/>\n&#8220;Das geht nun wirklich nicht!&#8221;, schimpft Petrus. Aber Franz gibt keine Ruhe und endlich willigt Petrus ein. Nach einer Woche kommt Franz begeistert zur\u00fcck:<br \/>\n&#8220;Petrus, das ist Wahnsinn! H\u00f6lle, H\u00f6lle, H\u00f6lle! H\u00f6lle! Morgens gibt es ein italienisches Fr\u00fchst\u00fccksb\u00fcfett, mittags zwei Men\u00fcs zur Auswahl und abends ein f\u00fcnfg\u00e4ngiges Galadiner: Hummerschaumsuppe, Tagliatelle mit wei\u00dfen Tr\u00fcffeln, Entenbrust auf sautiertem Gem\u00fcse, ein Walnussparfait und edlen K\u00e4se hinterher. Und hier oben? Mittags ein Kn\u00e4ckebrot mit Leberwurst und jeden zweiten Abend R\u00fchreier!&#8221;<br \/>\nPetrus zuckt mit den Schultern und grummelt: &#8220;Glaubst du etwa, wegen uns beiden lohnt sich das Kochen?<\/p>\n<p>Der Skorpion<\/p>\n<p>\u00dcber meine rechte Brust habe ich mir einen Skorpion t\u00e4towieren lassen. Das ist f\u00fcr mich das Sinnbild von Leben und Tod. Es f\u00fchrt mir t\u00e4glich vor Augen, wie kostbar ein Menschenleben eigentlich ist und wie sorglos wir damit umgehen. Dazu kenne ich eine Geschichte: Ein Skorpion steht am Ufer eines rei\u00dfenden Flusses und will auf die andere Seite. Er kann aber nicht schwimmen und wei\u00df nicht, wie er r\u00fcber kommen soll. Da entdeckt er einen Frosch der auch auf die andere Seite will. &#8220;Frosch&#8221; sagte er &#8220;nimm mich doch auf deinem R\u00fccken mit, wenn du r\u00fcber schwimmst.&#8221; Der Frosch entgegnet: &#8220;ich bin doch nicht bl\u00f6d, du bist ein Skorpion, wenn du mich stichst, dann bin ich tot.&#8221; Darauf der Skorpion: &#8220;Das w\u00fcrde ich nicht machen, denn wenn ich dich steche, stirbst du sofort und ich w\u00fcrde in den Fluten j\u00e4mmerlich ertrinken.&#8221; Das leuchtete dem Frosch ein, und nach einigem hin und her lie\u00df er den Skorpion auf seinen R\u00fccken steigen und schwamm los. Genau in der Mitte des Flusses stach der Skorpion zu. Im Todeskampf fragte der Frosch den Skorpion, warum er das gemacht hat, denn er w\u00fcrde ja jetzt auch sterben. Der Skorpion erwiederte: &#8220;Ich konnte nicht anders, ein Skorpion ist eben ein Skorpion!&#8221;<\/p>\n<p>Satellitenaufnahmen<\/p>\n<p>Wenn es etwas gibt, was mich unendlich beruhigt und woran ich mich ma\u00dflos erfreuen kann, dann sind das Satellitenaufnahmen der Erde. Wenn ihr Living Earth anklickt, dann k\u00f6nnt ihr dort unglaublich gro\u00dfe Aufnahmen der Erde von jedem x- beliebigen Blickwinkel anklicken. Stellt nur die Gradzahl in L\u00e4nge und Breite und die Pixelzahl auf ca. 840 ein. Living Earth<\/p>\n<p>Uhren<\/p>\n<p>Das Bild zeigt meine Skelettuhr von Maurice Lacroix. 1987 konnte ich sie mir leisten. Es ist bezeichnend, da\u00df ich mir bei einem klassischen Einkaufsbummel immer so lange an den Schaufensterscheiben der Juweliere die Nase platt dr\u00fccke. Irgendwann kann ich es dann doch nicht lassen, geh rein und la\u00df mir eine Reverso von Jaeger-le-Coultre zeigen, die ich mir wahrscheinlich doch nie leisten kann&#8230;. macht nix&#8230;. Tr\u00e4ume geh\u00f6ren zum Leben dazu.<\/p>\n<p>Bardowick<\/p>\n<p>Als jetzt Berlinerin und ehemals Bardowickerin fahre ich immer wieder gern nach Hause. Das soll neben vielen anderen Informationen auch hier nicht unerw\u00e4hnt bleiben.<\/p>\n<p>Venedig<\/p>\n<p>Meine Lieblingsstadt ist Venedig. Das Photo habe ich aus dem Uhrturm am Markusplatz gemacht. Es zeigt die Markuskirche von oben. Und ob nun im Sommer oder aber im Winter zum Karneval ist Venedig mit all seine Kunstsch\u00e4tzen und Wasserstra\u00dfen immer eine Reise wert.<\/p>\n<p>Bauhaus Design<\/p>\n<p>1927 Marcel Breuer &#8220;Wassily&#8221;-Sessel B3, Stahlrohr vernickelt, verschraubt, Eisengarnbespannung. Vier St\u00fcck hatte ich davon hier stehen. Und ich find sie so geil &#8211; auch wenn ich wei\u00df, da\u00df man nicht drauf sitzen kann. *grins* Ludwig Mies van der Rohe sagte: &#8220;Nur eine Idee hat die Kraft, sich so weit zu verbreiten.&#8221; Dieser Kommentar zum Bauhaus macht in aller Klarheit deutlich, wie sehr das Bauhaus Einflu\u00df auf unser Leben genommen hat.<\/p>\n<p>Berlin<\/p>\n<p>Und bevor die Berliner meckern, weil ich Bardowick erw\u00e4hnt habe, gibt es hier noch einen kleinen Link zu der Stadt, in der ich gern lebe, und alle kulturellen Angebote, mit denen Bardowick nicht mithalten kann, liebend gern in Anspruch nehme.<\/p>\n<p>Meine alte Schule<\/p>\n<p>1985 habe ich mein Abitur am Gymnasium in Scharnebeck gemacht. Schon damals haben wir uns beschwert, da\u00df unsere Schule gar keinen richtigen Namen hat. Inzwischen hat sich das ge\u00e4ndert. Und weil ich nicht nur viel \u00c4rger hatte, sondern auch noch etwas gelernt habe, will ich meine alte Schule nicht unerw\u00e4hnt lassen. Als Ihr alle mich noch kanntet, hie\u00df ich Susanne Knoop.<br \/>\nBernhard Riemann Gymnasium<\/p>\n<p>Die Architektur<\/p>\n<p>Mein beruflicher Werdegang begann mit einer Ausbildung zur Technischen Zeichnerin im Stahlhochbau. Anschliessend studierte ich an der TU Berlin Architektur.<br \/>\nDer Link bezieht sich auf Christof&#8217;s Laden, in dem ich schon Unmengen an Geld gelassen habe, das mit aber nie leid tat.<br \/>\nModulor in Berlin<\/p>\n<p>Lars der Eisb\u00e4r (Film Besuch vom S\u00fcdpol ca. 6,1MB)<\/p>\n<p>Nordpol Satbild &#8212; S\u00fcdpol Satbild &#8212; Lars Homepage<br \/>\nAll die kleinen Geschichten \u00fcber Lars und Lea. Und ob es nun diese Geschichten oder Eisb\u00e4ren in Form von Photos oder Kuscheltieren sind, ist dabei v\u00f6llig unerheblich.<\/p>\n<p>Gauloises<\/p>\n<p>Und w\u00e4hrend ich am Homepage basteln bin, rauche ich selbstgedrehte Gauloises Zigaretten, die eh alle verqualmen, weil ich mit meinen Gedanken schon wieder ganz woanders bin, dazu trinke ich liebend gern schwarzen Kaffee. *grins* und bevor noch bl\u00f6de Kommentare kommen, ich trinke keinen Alkohol, nehme keine Drogen und ern\u00e4hre mich ausgesprochen gesund &#8211; Schw\u00e4chen haben wir alle &#8211; \u00fcbrigens haben mir meine \u00c4rzte best\u00e4tigt, da\u00df das Rauchen keinen Einflu\u00df auf die Epilepsie oder die Gehirnblutung hat.<\/p>\n<p>Fernsehen (ich hab gar keinen Fernseher)<\/p>\n<p>Wenn ich mich vor die Glotze setze, dann aber nur, wenn es ein Krimi oder eine der Star Trek Serien ist.<\/p>\n<p>Das Denken<\/p>\n<p>Ja, ich gebe zu, da\u00df es mir ungeheuer schwer f\u00e4llt, mal nicht \u00fcber alles herumzugr\u00fcbeln. Vielleicht werde ich im Alter von 90 Jahren einmal feststellen, da\u00df diese ganze Denkerei mir pers\u00f6nlich und meinem Umfeld etwas positives beschert hat. Bis jetzt hab ich oft den Eindruck, da\u00df ich im normalen Leben eher \u00fcber all die Gedanken stolpere, als da\u00df sie mir etwas n\u00fctzen.<\/p>\n<p>Der Null Meridian in Greenwich<\/p>\n<p>Diese zwei Bilder habe ich 1992 w\u00e4hrend eines London Aufenthaltes gemacht. Wie man sieht, fand ich vor 20 Jahren Cowboystiefel noch richtig toll *grins* das hat sich bis heute ge\u00e4ndert. Links von meinem Fu\u00df ist Westen und rechts von meinem Fu\u00df ist Osten. Analog zu Leonardos Spruch stellt sich hier die Frage, was den Unterschied zwischen West und Ost ausmacht. Eigentlich bin ich Wessi, aber was war ich in dem Moment, als ich dieses Photo machte? *gr\u00fcbel*<\/p>\n<p>Die Nordseek\u00fcste<\/p>\n<p>Jedesmal, wenn ich meine Eltern in Bardowick besuchte, hielten wir uns einen Tag frei, um an die Nordsee zu fahren.<br \/>\n\u00dcber den Deich schauen, Scholle und Krabben essen, Watt wandern, die Robbenbabys in Friedrichskoog besuchen und abends tot ins Bett zu fallen, weil die jodhaltige Luft so m\u00fcde macht &#8211; das isses!!!<br \/>\nDie \u00c4rzte &#8211; Westerland<\/p>\n<p>Moskau und Zucker<\/p>\n<p>Mitte der 90er waren wir von der TU Berlin aus zu einem zweiw\u00f6chigen Studienaufenthalt in Moskau. Dieses Gruppenfoto haben wir dort gemacht. Ich war wie erschlagen von dieser Stadt. Einerseits war es sicherlich faszinierend und aufregend, andererseits konnte ich \u00fcberhaupt nicht begreifen, wie arm Menschen sein k\u00f6nnen. Oben auf dem Photo sind die vier Moskauer Studenten drauf, die w\u00e4hrend des Gegenbesuches bei uns geschlafen hatten .. lacht &#8230; alle 4 zusammen, damit sich nicht jeder so einsam f\u00fchlte. Auf dem gro\u00dfen Klappsofa ging das schon. Eines Nachts wachte ich auf, weil ich ein Scheppern in der K\u00fcche h\u00f6rte, und war aufgestanden, um nachzusehen. Dort stand einer der Jungs vor dem K\u00fcchenschrank und a\u00df (ohne Bl\u00f6dsinn) essl\u00f6ffelweise Zucker. Da die Verst\u00e4ndigung nur auf Englisch funktionierte, und ich noch m\u00fcde war, hatte es ewig gedauert, bis er mir verklickern konnte, da\u00df purer Zucker in Moskau eine K\u00f6stlichkeit sei. In dem Moment habe ich mich f\u00fcrchterlich gesch\u00e4mt, wie reich wir in seinen Augen doch sein mu\u00dften.<\/p>\n<p>Hafenrundfahrt<\/p>\n<p>Es ist schon sehr beeindruckend, sich den Hamburger Hafen anzuschauen. Als ich 2 Jahre alt war, sind meine Eltern das erste Mal an Bord eines solchen Schiffes an den Landungsbr\u00fccken gegangen und habe so einen T\u00f6rn, der etwa eine Stunde dauert mit mir unternommen. Und genauso wie ich damals beeindruckt war, bin ich es auch heute noch.<\/p>\n<p>Ein Freund<br \/>\nhat dieses Foto mal von mir gemacht, als wir mit den Hunden an der Weser spazieren gingen.<\/p>\n<p>Ilse<br \/>\nwar genau wie ich sehr oft Helferin oder Mitarbeiterin im Pressezentrum. Nach irgendeinem Kirchentag schickte sie mir supergl\u00fccklich dieses Photo. In diesem Zusammenhang erinnere ich mich, da\u00df mein Vater w\u00e4hrend eines T\u00fcrkeiurlaubs so oft mit Richard von Weizs\u00e4cker verwechselt wurde, da\u00df ihn seine \u00c4hnlichkeit schon richtig genervt hat. Er deutete dann immer auf seinen Bauch, und sagte, da\u00df Herr von Weizs\u00e4cker bestimmt nicht so einen dicken Bauch h\u00e4tte &#8230; lacht &#8230; und ganz besonders auff\u00e4llig ist meine Nervosit\u00e4t &#8230; lacht &#8230; dann greife ich immer ganz verlegen in meine Haarspitzen &#8230; lacht &#8230; mach ich heute auch noch &#8230;.<\/p>\n<p>Freiheit<\/p>\n<p>Ich will unter keinen Umst\u00e4nden ein Allerweltsmensch sein. Ich habe ein Recht darauf, aus dem Rahmen zu fallen, wenn ich es kann. Ich w\u00fcnsche mir Chancen, nicht Sicherheiten. Ich will kein ausgehaltener B\u00fcrger sein, gedem\u00fctigt und abgestumpft, weil der Staat f\u00fcr mich sorgt. Ich will dem Risiko begegnen, mich nach etwas zu sehnen und es zu verwirklichen. Schiffbruch zu erleiden, und Erfolg zu haben. Ich lehne es ab, mir den eigenen Antrieb mit einem Trinkgeld abkaufen zu lassen.<br \/>\nLieber will ich den Schwierigkeiten des Lebens entgegentreten als ein gesichertes Dasein f\u00fchren, lieber die gespannte Erregung des eigenen Erfolges als die dumpfe Ruhe Utopiens. Ich will weder meine Freiheit gegen Wohltaten hergeben noch meine Menschenw\u00fcrde gegen milde Gaben. Ich habe gelernt, selbst f\u00fcr mich zu denken und zu handeln, der Welt gerade ins Gesicht zu sehen und zu bekennen dies ist mein Werk. Das alles ist gemeint, wenn wir sagen: Ich bin ein freier Mensch! (Albert Schweitzer)<br \/>\nDas wird immer ein Wunschtraum bleiben. Ich erhalte eine kleine Rente und zus\u00e4tzlich Grundsicherung. Leider bin ich noch nicht soweit fit, da\u00df ich arbeiten gehen kann. Aber ich arbeite daran &#8230;grins&#8230;<\/p>\n<h4 align=\"center\"><a href=\"https:\/\/www.susili.de\/index.html\">Susili<\/a> &#8211; <a href=\"https:\/\/www.susili.de\/werichbin.html\">Wer ich bin<\/a> &#8211; <a href=\"https:\/\/www.susili.de\/wasichglaube.html\">Was ich glaube<\/a> &#8211; <a href=\"https:\/\/www.susili.de\/liebesmystik.html\">Liebesmystik<\/a> &#8211; <a href=\"https:\/\/www.susili.de\/person.html\">Lebensgeschichte<\/a> &#8211; <a href=\"https:\/\/www.susili.de\/portrait.html\">Bilder<\/a> &#8211; <a href=\"https:\/\/www.susili.de\/lucy.html\">Lucy<\/a> &#8211; <a href=\"https:\/\/www.susili.de\/nellilaura.html\">Nelli + Laura<\/a> &#8211; <a href=\"https:\/\/www.susili.de\/14kontakt-op.html\">Gehirnblutung<\/a> &#8211; <a href=\"https:\/\/www.susili.de\/psychose.html\">Geistesblitze<\/a> &#8211; <a href=\"https:\/\/www.susili.de\/epilepsie.html\">Epilepsie<\/a> &#8211; <a href=\"https:\/\/www.susili.de\/text.html\">Texte<\/a> &#8211; <a href=\"https:\/\/www.susili.de\/kunst01.html\">Kunst<\/a> &#8211; <a href=\"https:\/\/www.susannealbers.de\/blog\/\" target=\"_blank\" rel=\"noopener\">Blog<\/a> &#8211; <a href=\"https:\/\/www.youtube.com\/@susili030\" target=\"_blank\" rel=\"noopener\">Youtube-Kanal<\/a> &#8211; <a href=\"https:\/\/susannefragt.susili.de\/\" target=\"_blank\" rel=\"noopener\">Susanne fragt &#8230;<\/a> &#8211; <a href=\"https:\/\/www.susannealbers.de\/\" target=\"_blank\" rel=\"noopener\">https:\/\/www.susannealbers.de<\/a> &#8211; <a href=\"https:\/\/offenunddirekt.de\/\" target=\"_blank\" rel=\"noopener\">https:\/\/offenunddirekt.de &#8211; Mein Gratis-Coaching f\u00fcr Dich<\/a><\/h4>\n<h4 align=\"center\"><a href=\"https:\/\/www.susili.de\/13persoenlich-eltern.html\">Eltern<\/a> &#8211; <a href=\"https:\/\/www.susili.de\/13persoenlich-01lebenslauf.html\">Lebenslauf<\/a> &#8211; <a href=\"https:\/\/www.susili.de\/13persoenlich-bardowick3.html\">Kindheit + Jugend<\/a> &#8211; <a href=\"https:\/\/www.susili.de\/13persoenlich-interessen1.html\">Interessen 1<\/a> &#8211; <a href=\"https:\/\/www.susili.de\/13persoenlich-interessen2.html\">Interessen 2<\/a> &#8211; <a href=\"https:\/\/www.susili.de\/13persoenlich-besonderes.html\">Besonderes<\/a> &#8211; <a href=\"https:\/\/www.susili.de\/13persoenlich-bewegendes.html\">Bewegendes<\/a> &#8211; <a href=\"https:\/\/www.susili.de\/13persoenlich-02nein.html\">Was ich nicht mag<\/a> &#8211; <a href=\"https:\/\/www.susili.de\/gaestebuch.html\">G\u00e4stebuch<\/a> &#8211; <a href=\"https:\/\/www.susili.de\/impressum.html\">Impressum<\/a> &#8211; <a href=\"https:\/\/www.susili.de\/datenschutz.html\">Datenschutzerkl\u00e4rung<\/a> &#8211; <a href=\"https:\/\/www.susannealbers.de\/galerie\/tft-x\/index.php\" target=\"_blank\" rel=\"noopener\">Geschenke f\u00fcr Euch<\/a><\/h4>\n<h4 align=\"center\"><\/h4>\n<h4 align=\"center\"><\/h4>\n<h4 align=\"center\"><\/h4>\n","protected":false},"excerpt":{"rendered":"<p>Alles zu mir, meinem Leben und meinen Interessen findest Du auf: www.susili.de Geboren am 13.02.1965 im Krankenwagen irgendwo zwischen Adendorf und L\u00fcneburg. Kindheit und Jugend in Bardowick verbracht. Seit Oktober 1988 wohnhaft in Berlin. Aber was sind schon diese Angaben\u2026 ich liebe die Stadt Berlin, in der ich lebe. Susili &#8211; Wer ich bin &#8211; &hellip; <\/p>\n<p class=\"link-more\"><a href=\"https:\/\/susannealbers.de\/blog\/about\/\" class=\"more-link\">Continue reading<span class=\"screen-reader-text\"> &#8220;zu mir&#8221;<\/span><\/a><\/p>\n","protected":false},"author":1,"featured_media":0,"parent":0,"menu_order":0,"comment_status":"open","ping_status":"open","template":"","meta":{"footnotes":""},"class_list":["post-2","page","type-page","status-publish","hentry"],"_links":{"self":[{"href":"https:\/\/susannealbers.de\/blog\/wp-json\/wp\/v2\/pages\/2","targetHints":{"allow":["GET"]}}],"collection":[{"href":"https:\/\/susannealbers.de\/blog\/wp-json\/wp\/v2\/pages"}],"about":[{"href":"https:\/\/susannealbers.de\/blog\/wp-json\/wp\/v2\/types\/page"}],"author":[{"embeddable":true,"href":"https:\/\/susannealbers.de\/blog\/wp-json\/wp\/v2\/users\/1"}],"replies":[{"embeddable":true,"href":"https:\/\/susannealbers.de\/blog\/wp-json\/wp\/v2\/comments?post=2"}],"version-history":[{"count":19,"href":"https:\/\/susannealbers.de\/blog\/wp-json\/wp\/v2\/pages\/2\/revisions"}],"predecessor-version":[{"id":6084,"href":"https:\/\/susannealbers.de\/blog\/wp-json\/wp\/v2\/pages\/2\/revisions\/6084"}],"wp:attachment":[{"href":"https:\/\/susannealbers.de\/blog\/wp-json\/wp\/v2\/media?parent=2"}],"curies":[{"name":"wp","href":"https:\/\/api.w.org\/{rel}","templated":true}]}}